{"id":2388,"date":"2024-07-26T12:40:02","date_gmt":"2024-07-26T10:40:02","guid":{"rendered":"https:\/\/domainedejouanda.com\/?page_id=2388"},"modified":"2024-08-12T10:34:11","modified_gmt":"2024-08-12T08:34:11","slug":"mentions-legales-cgv","status":"publish","type":"page","link":"https:\/\/domainedejouanda.com\/en\/mentions-legales-cgv\/","title":{"rendered":"Legal Notices &amp; T&amp;Cs"},"content":{"rendered":"<div data-elementor-type=\"wp-page\" data-elementor-id=\"2388\" class=\"elementor elementor-2388\">\n\t\t\t\t<div class=\"elementor-element elementor-element-97629cf e-flex e-con-boxed e-con e-parent\" data-id=\"97629cf\" data-element_type=\"container\" data-e-type=\"container\">\n\t\t\t\t\t<div class=\"e-con-inner\">\n\t\t\t\t<div class=\"elementor-element elementor-element-5bbf7fd elementor-widget elementor-widget-heading\" data-id=\"5bbf7fd\" data-element_type=\"widget\" data-e-type=\"widget\" data-widget_type=\"heading.default\">\n\t\t\t\t<div class=\"elementor-widget-container\">\n\t\t\t\t\t<h2 class=\"elementor-heading-title elementor-size-default\">Legal Notices<\/h2>\t\t\t\t<\/div>\n\t\t\t\t<\/div>\n\t\t\t\t<div class=\"elementor-element elementor-element-e23715a elementor-widget elementor-widget-text-editor\" data-id=\"e23715a\" data-element_type=\"widget\" data-e-type=\"widget\" data-widget_type=\"text-editor.default\">\n\t\t\t\t<div class=\"elementor-widget-container\">\n\t\t\t\t\t\t\t\t\t<p><strong>1. Presentation of the site<\/strong><\/p><p>The site domainedejouanda.com is published by the Soci\u00e9t\u00e9 Civile du Domaine de Jouanda, producer of Bas Armagnac.<\/p><p><strong>Head office:<\/strong><\/p><p>Domaine de Jouanda<br \/>1033 route de Lannemaignan<br \/>40190 Arthez-d&#039;Armagnac, France<br \/>SIRET: 331 005 207 00013<br \/>RCS: 331 005 207 Mont de Marsan\u00a0<br \/>E-mail address : <a href=\"mailto:poyferre.jouanda@orange.fr\">poyferre.jouanda@orange.fr<\/a><\/p><p>\u00a0<\/p><p><strong>2. Accommodation<\/strong><\/p><p>The site domainedejouanda.com is hosted by:<\/p><p>Hostinger International Ltd.<br \/>Address: 61 Lordou Vironos, Larnaca, 6023, Cyprus<br \/>Website: www.hostinger.fr<\/p><p>\u00a0<\/p><p><strong>3. Publication Director<\/strong><\/p><p>The publication director is Christian de Poyferr\u00e9.<\/p><p>\u00a0<\/p><p><strong>4. Intellectual property<\/strong><\/p><p>The content of the site domainedejouanda.com (texts, images, graphics, logo, icons, etc.) is the exclusive property of Domaine de Jouanda, unless otherwise stated. Any reproduction, distribution, modification, adaptation, retransmission or publication, even partial, of these different elements is strictly prohibited without the express written consent of Domaine de Jouanda.<\/p><p>\u00a0<\/p><p><strong>5. Personal data<\/strong><\/p><p>Domaine de Jouanda undertakes to ensure that the collection and processing of your data, carried out from the site domainedejouanda.com, complies with the General Data Protection Regulation (GDPR).<\/p><p>\u00a0<\/p><p><strong>Responsible for processing personal data:<\/strong><\/p><p>Domaine de Jouanda<br \/>1033 route de Lannemaignan<br \/>40190 Arthez-d&#039;Armagnac, France<\/p><p>The information collected is necessary to respond to your requests, manage your orders and offer you personalized offers. You can exercise your right of access, rectification, deletion or opposition at any time by contacting:<\/p><p>E-mail address : <a href=\"mailto:poyferre.jouanda@orange.fr\">poyferre.jouanda@orange.fr<\/a><\/p><p>\u00a0<\/p><p><strong>6. Cookies<\/strong><\/p><p>The site domainedejouanda.com uses cookies to improve your user experience. By browsing this site, you accept the use of cookies.<\/p><p>\u00a0<\/p><p><strong>7. Disputes<\/strong><\/p><p>These conditions of the site domainedejouanda.com are governed by French law and any dispute or litigation which may arise from the interpretation or execution of these will be under the exclusive jurisdiction of the courts on which the head office of the company Domaine de Jouanda depends.<\/p>\t\t\t\t\t\t\t\t<\/div>\n\t\t\t\t<\/div>\n\t\t\t\t\t<\/div>\n\t\t\t\t<\/div>\n\t\t<div class=\"elementor-element elementor-element-5f0794e e-flex e-con-boxed e-con e-parent\" data-id=\"5f0794e\" data-element_type=\"container\" data-e-type=\"container\">\n\t\t\t\t\t<div class=\"e-con-inner\">\n\t\t<div class=\"elementor-element elementor-element-408575d e-flex e-con-boxed e-con e-child\" data-id=\"408575d\" data-element_type=\"container\" data-e-type=\"container\">\n\t\t\t\t\t<div class=\"e-con-inner\">\n\t\t<div class=\"elementor-element elementor-element-0ef1294 e-flex e-con-boxed e-con e-child\" data-id=\"0ef1294\" data-element_type=\"container\" data-e-type=\"container\">\n\t\t\t\t\t<div class=\"e-con-inner\">\n\t\t\t\t<div class=\"elementor-element elementor-element-dc7fbb2 elementor-widget elementor-widget-spacer\" data-id=\"dc7fbb2\" data-element_type=\"widget\" data-e-type=\"widget\" data-widget_type=\"spacer.default\">\n\t\t\t\t<div class=\"elementor-widget-container\">\n\t\t\t\t\t\t\t<div class=\"elementor-spacer\">\n\t\t\t<div class=\"elementor-spacer-inner\"><\/div>\n\t\t<\/div>\n\t\t\t\t\t\t<\/div>\n\t\t\t\t<\/div>\n\t\t\t\t\t<\/div>\n\t\t\t\t<\/div>\n\t\t\t\t\t<\/div>\n\t\t\t\t<\/div>\n\t\t\t\t\t<\/div>\n\t\t\t\t<\/div>\n\t\t<div class=\"elementor-element elementor-element-77514ae e-flex e-con-boxed e-con e-parent\" data-id=\"77514ae\" data-element_type=\"container\" data-e-type=\"container\">\n\t\t\t\t\t<div class=\"e-con-inner\">\n\t\t<div class=\"elementor-element elementor-element-cc3611f e-flex e-con-boxed e-con e-child\" data-id=\"cc3611f\" data-element_type=\"container\" data-e-type=\"container\">\n\t\t\t\t\t<div class=\"e-con-inner\">\n\t\t\t\t<div class=\"elementor-element elementor-element-36f5af7 elementor-widget elementor-widget-heading\" data-id=\"36f5af7\" data-element_type=\"widget\" data-e-type=\"widget\" data-widget_type=\"heading.default\">\n\t\t\t\t<div class=\"elementor-widget-container\">\n\t\t\t\t\t<h2 class=\"elementor-heading-title elementor-size-default\">Conditions of Sale<\/h2>\t\t\t\t<\/div>\n\t\t\t\t<\/div>\n\t\t\t\t<div class=\"elementor-element elementor-element-1d9eb5c elementor-widget elementor-widget-text-editor\" data-id=\"1d9eb5c\" data-element_type=\"widget\" data-e-type=\"widget\" data-widget_type=\"text-editor.default\">\n\t\t\t\t<div class=\"elementor-widget-container\">\n\t\t\t\t\t\t\t\t\t<ul><li><span style=\"font-style: inherit; font-weight: inherit; text-align: var(--text-align); background-color: var(--ast-global-color-5); color: var(--ast-global-color-3);\">Offer subject to availability of stocks.<\/span><\/li><li>Price including tax. Fees and social security sticker included.<\/li><li>Shipping costs of \u20ac19 for the European Union (free for all orders over \u20ac720).<\/li><li>For shipping costs for shipments outside the European Union, please contact us.<strong style=\"font-style: inherit; text-align: var(--text-align); background-color: var(--ast-global-color-5); color: var(--ast-global-color-3);\"><br \/><\/strong><\/li><li><strong style=\"font-style: inherit; text-align: var(--text-align); background-color: var(--ast-global-color-5); color: var(--ast-global-color-3);\">Payment (by bank transfer only) upon ordering<\/strong><\/li><li>Cardboard boxes:<ul><li>Bottles (0.70 L) in boxes of 6, 3 or 1<\/li><li>Magnums (1.5 L) per box of 3, 2 or 1<\/li><\/ul><\/li><\/ul>\t\t\t\t\t\t\t\t<\/div>\n\t\t\t\t<\/div>\n\t\t\t\t\t<\/div>\n\t\t\t\t<\/div>\n\t\t\t\t\t<\/div>\n\t\t\t\t<\/div>\n\t\t<div class=\"elementor-element elementor-element-ca992e7 e-flex e-con-boxed e-con e-parent\" data-id=\"ca992e7\" data-element_type=\"container\" data-e-type=\"container\">\n\t\t\t\t\t<div class=\"e-con-inner\">\n\t\t<div class=\"elementor-element elementor-element-287db7f e-flex e-con-boxed e-con e-child\" data-id=\"287db7f\" data-element_type=\"container\" data-e-type=\"container\">\n\t\t\t\t\t<div class=\"e-con-inner\">\n\t\t\t\t<div class=\"elementor-element elementor-element-8ace777 elementor-widget elementor-widget-spacer\" data-id=\"8ace777\" data-element_type=\"widget\" data-e-type=\"widget\" data-widget_type=\"spacer.default\">\n\t\t\t\t<div class=\"elementor-widget-container\">\n\t\t\t\t\t\t\t<div class=\"elementor-spacer\">\n\t\t\t<div class=\"elementor-spacer-inner\"><\/div>\n\t\t<\/div>\n\t\t\t\t\t\t<\/div>\n\t\t\t\t<\/div>\n\t\t\t\t\t<\/div>\n\t\t\t\t<\/div>\n\t\t\t\t\t<\/div>\n\t\t\t\t<\/div>\n\t\t<div class=\"elementor-element elementor-element-3f05122 e-flex e-con-boxed e-con e-parent\" data-id=\"3f05122\" data-element_type=\"container\" data-e-type=\"container\">\n\t\t\t\t\t<div class=\"e-con-inner\">\n\t\t<div class=\"elementor-element elementor-element-0def8d2 e-flex e-con-boxed e-con e-child\" data-id=\"0def8d2\" data-element_type=\"container\" data-e-type=\"container\">\n\t\t\t\t\t<div class=\"e-con-inner\">\n\t\t\t\t<div class=\"elementor-element elementor-element-86d4198 elementor-widget elementor-widget-heading\" data-id=\"86d4198\" data-element_type=\"widget\" data-e-type=\"widget\" data-widget_type=\"heading.default\">\n\t\t\t\t<div class=\"elementor-widget-container\">\n\t\t\t\t\t<h2 class=\"elementor-heading-title elementor-size-default\">Extract from the general conditions of sale\n\n<\/h2>\t\t\t\t<\/div>\n\t\t\t\t<\/div>\n\t\t\t\t<div class=\"elementor-element elementor-element-4768a79 elementor-widget elementor-widget-text-editor\" data-id=\"4768a79\" data-element_type=\"widget\" data-e-type=\"widget\" data-widget_type=\"text-editor.default\">\n\t\t\t\t<div class=\"elementor-widget-container\">\n\t\t\t\t\t\t\t\t\t<p><span style=\"font-style: inherit; text-align: var(--text-align); background-color: var(--ast-global-color-5); color: var(--ast-global-color-3);\"><b>Responsibility in orders:&nbsp;<\/b><\/span><\/p>\n<p><span style=\"font-style: inherit; font-weight: inherit; text-align: var(--text-align); background-color: var(--ast-global-color-5); color: var(--ast-global-color-3);\">Our prices do not constitute an offer in themselves. Orders are only valid after our acceptance. They imply the unreserved acceptance of our general terms and conditions of sale which cannot be modified by contrary stipulations which would appear on the buyer&#039;s order, in its General Terms and Conditions of Purchase or any other commercial document.<\/span><\/p>\n<p><span style=\"font-style: inherit; font-weight: inherit; text-align: var(--text-align); background-color: var(--ast-global-color-5); color: var(--ast-global-color-3);\">&nbsp;<\/span><\/p>\n<p><b>Payment terms and deadlines:<\/b>&nbsp;<\/p>\n<p>Invoices are payable by bank transfer at the time of ordering on the site.<\/p><p><br><\/p>\n<p><b>Discount:<\/b>&nbsp;<\/p>\n<p>No discount will be granted for cash payment.<\/p><p><br><\/p>\n<p><b>Retention of title:&nbsp;<\/b><\/p>\n<p>The transfer of ownership of our goods is subject to full payment of their price (Law No. 85-98 of January 25, 1985). Notwithstanding the preceding clause, the risks relating to the goods are borne by the buyer as soon as they are in his possession. The subscription of an insurance policy on behalf of whomever it may concern may be required by the seller. In the event of resale of the goods to a third party, carried out in the normal course of the buyer&#039;s business, the latter undertakes to: - stipulate a retention of title clause for his benefit, - reserve the benefit of this clause for the seller, - pay the seller as a priority from the resale in the event that he comes into possession of these products. In the absence of payment of a single invoice on its contractual due date, and three days after a formal notice has remained unsuccessful, restitution may be requested. In the event of refusal, the seller reserves the right to request the President of the Commercial Court of the place of storage, ruling in summary proceedings, to return the goods and, where appropriate, to designate the custodian who will note and set the value.<\/p><p><br><\/p>\n<p><b>Delivery times:&nbsp;<\/b><\/p>\n<p>The delivery dates given to you are only indicative and we cannot under any circumstances be held liable for compensation, termination, etc. due to delay in delivery.<\/p>\t\t\t\t\t\t\t\t<\/div>\n\t\t\t\t<\/div>\n\t\t\t\t\t<\/div>\n\t\t\t\t<\/div>\n\t\t\t\t\t<\/div>\n\t\t\t\t<\/div>\n\t\t<div class=\"elementor-element elementor-element-ffb8975 e-flex e-con-boxed e-con e-parent\" data-id=\"ffb8975\" data-element_type=\"container\" data-e-type=\"container\">\n\t\t\t\t\t<div class=\"e-con-inner\">\n\t\t\t\t<div class=\"elementor-element elementor-element-3ef2181 elementor-widget elementor-widget-spacer\" data-id=\"3ef2181\" data-element_type=\"widget\" data-e-type=\"widget\" data-widget_type=\"spacer.default\">\n\t\t\t\t<div class=\"elementor-widget-container\">\n\t\t\t\t\t\t\t<div class=\"elementor-spacer\">\n\t\t\t<div class=\"elementor-spacer-inner\"><\/div>\n\t\t<\/div>\n\t\t\t\t\t\t<\/div>\n\t\t\t\t<\/div>\n\t\t\t\t\t<\/div>\n\t\t\t\t<\/div>\n\t\t\t\t<\/div>","protected":false},"excerpt":{"rendered":"<p>Mentions L\u00e9gales 1. Pr\u00e9sentation du site Le site domainedejouanda.com est \u00e9dit\u00e9 par la Soci\u00e9t\u00e9 Civile du Domaine de Jouanda, productrice de Bas Armagnac. Si\u00e8ge social : Domaine de Jouanda1033 route de Lannemaignan40190 Arthez-d&rsquo;Armagnac, FranceSIRET : 331 005 207 00013RCS : 331 005 207 Mont de Marsan\u00a0Adresse e-mail : poyferre.jouanda@orange.fr \u00a0 2. H\u00e9bergement Le site domainedejouanda.com [&hellip;]<\/p>\n","protected":false},"author":1,"featured_media":0,"parent":0,"menu_order":0,"comment_status":"closed","ping_status":"closed","template":"","meta":{"site-sidebar-layout":"no-sidebar","site-content-layout":"page-builder","ast-site-content-layout":"full-width-container","site-content-style":"default","site-sidebar-style":"default","ast-global-header-display":"","ast-banner-title-visibility":"","ast-main-header-display":"","ast-hfb-above-header-display":"","ast-hfb-below-header-display":"","ast-hfb-mobile-header-display":"","site-post-title":"disabled","ast-breadcrumbs-content":"","ast-featured-img":"disabled","footer-sml-layout":"","theme-transparent-header-meta":"","adv-header-id-meta":"","stick-header-meta":"","header-above-stick-meta":"","header-main-stick-meta":"","header-below-stick-meta":"","astra-migrate-meta-layouts":"set","ast-page-background-enabled":"default","ast-page-background-meta":{"desktop":{"background-color":"var(--ast-global-color-4)","background-image":"","background-repeat":"repeat","background-position":"center center","background-size":"auto","background-attachment":"scroll","background-type":"","background-media":"","overlay-type":"","overlay-color":"","overlay-gradient":""},"tablet":{"background-color":"","background-image":"","background-repeat":"repeat","background-position":"center center","background-size":"auto","background-attachment":"scroll","background-type":"","background-media":"","overlay-type":"","overlay-color":"","overlay-gradient":""},"mobile":{"background-color":"","background-image":"","background-repeat":"repeat","background-position":"center center","background-size":"auto","background-attachment":"scroll","background-type":"","background-media":"","overlay-type":"","overlay-color":"","overlay-gradient":""}},"ast-content-background-meta":{"desktop":{"background-color":"var(--ast-global-color-5)","background-image":"","background-repeat":"repeat","background-position":"center center","background-size":"auto","background-attachment":"scroll","background-type":"","background-media":"","overlay-type":"","overlay-color":"","overlay-gradient":""},"tablet":{"background-color":"var(--ast-global-color-5)","background-image":"","background-repeat":"repeat","background-position":"center center","background-size":"auto","background-attachment":"scroll","background-type":"","background-media":"","overlay-type":"","overlay-color":"","overlay-gradient":""},"mobile":{"background-color":"var(--ast-global-color-5)","background-image":"","background-repeat":"repeat","background-position":"center center","background-size":"auto","background-attachment":"scroll","background-type":"","background-media":"","overlay-type":"","overlay-color":"","overlay-gradient":""}},"footnotes":""},"class_list":["post-2388","page","type-page","status-publish","hentry"],"_links":{"self":[{"href":"https:\/\/domainedejouanda.com\/en\/wp-json\/wp\/v2\/pages\/2388"}],"collection":[{"href":"https:\/\/domainedejouanda.com\/en\/wp-json\/wp\/v2\/pages"}],"about":[{"href":"https:\/\/domainedejouanda.com\/en\/wp-json\/wp\/v2\/types\/page"}],"author":[{"embeddable":true,"href":"https:\/\/domainedejouanda.com\/en\/wp-json\/wp\/v2\/users\/1"}],"replies":[{"embeddable":true,"href":"https:\/\/domainedejouanda.com\/en\/wp-json\/wp\/v2\/comments?post=2388"}],"version-history":[{"count":31,"href":"https:\/\/domainedejouanda.com\/en\/wp-json\/wp\/v2\/pages\/2388\/revisions"}],"predecessor-version":[{"id":2481,"href":"https:\/\/domainedejouanda.com\/en\/wp-json\/wp\/v2\/pages\/2388\/revisions\/2481"}],"wp:attachment":[{"href":"https:\/\/domainedejouanda.com\/en\/wp-json\/wp\/v2\/media?parent=2388"}],"curies":[{"name":"wp","href":"https:\/\/api.w.org\/{rel}","templated":true}]}}